{"id":283785,"date":"2025-10-05T12:17:51","date_gmt":"2025-10-05T12:17:51","guid":{"rendered":"https:\/\/obuka2025.mojaskola.org\/?page_id=283785"},"modified":"2025-10-05T12:18:08","modified_gmt":"2025-10-05T12:18:08","slug":"reke-srbije-2","status":"publish","type":"page","link":"https:\/\/obuka2025.mojaskola.org\/?page_id=283785","title":{"rendered":"Reke Srbije"},"content":{"rendered":"<p>[et_pb_section fb_built=&#8221;1&#8243; _builder_version=&#8221;4.27.4&#8243; _module_preset=&#8221;default&#8221; hover_enabled=&#8221;0&#8243; global_colors_info=&#8221;{}&#8221; top_divider_style=&#8221;slant2&#8243; sticky_enabled=&#8221;0&#8243; top_divider_color=&#8221;#1A0052&#8243; bottom_divider_style=&#8221;curve2&#8243; bottom_divider_color=&#8221;#4A00EB&#8221; custom_margin=&#8221;||-89px|||&#8221;][et_pb_row _builder_version=&#8221;4.27.4&#8243; _module_preset=&#8221;default&#8221; theme_builder_area=&#8221;et_header_layout&#8221; hover_enabled=&#8221;0&#8243; sticky_enabled=&#8221;0&#8243;][et_pb_column _builder_version=&#8221;4.27.4&#8243; _module_preset=&#8221;default&#8221; type=&#8221;4_4&#8243; theme_builder_area=&#8221;et_header_layout&#8221;][et_pb_text _builder_version=&#8221;4.27.4&#8243; _module_preset=&#8221;default&#8221; hover_enabled=&#8221;0&#8243; sticky_enabled=&#8221;0&#8243; theme_builder_area=&#8221;et_header_layout&#8221; header_text_color=&#8221;#331584&#8243; text_text_color=&#8221;#2e127a&#8221;]<\/p>\n<h2><strong>Reke Srbije<\/strong><\/h2>\n<p>[\/et_pb_text][\/et_pb_column][\/et_pb_row][et_pb_row column_structure=&#8221;1_2,1_2&#8243; _builder_version=&#8221;4.27.4&#8243; _module_preset=&#8221;default&#8221; global_colors_info=&#8221;{}&#8221;][et_pb_column type=&#8221;1_2&#8243; _builder_version=&#8221;4.27.4&#8243; _module_preset=&#8221;default&#8221; global_colors_info=&#8221;{}&#8221;][et_pb_text _builder_version=&#8221;4.27.4&#8243; _module_preset=&#8221;default&#8221; hover_enabled=&#8221;0&#8243; global_colors_info=&#8221;{}&#8221; sticky_enabled=&#8221;0&#8243;]<\/p>\n<h3><span style=\"color: #000080;\">Reka Rzav, Arilje<\/span><\/h3>\n<p>[\/et_pb_text][et_pb_text _builder_version=&#8221;4.27.4&#8243; _module_preset=&#8221;default&#8221; hover_enabled=&#8221;0&#8243; sticky_enabled=&#8221;0&#8243; text_orientation=&#8221;justified&#8221; border_color_all=&#8221;#1A0052&#8243; box_shadow_style=&#8221;preset1&#8243;]<\/p>\n<p style=\"text-align: justify;\"><span style=\"color: #333333;\">Reka Rzav, koja proti\u010de kroz Arilje, poznata je po svojoj izuzetnoj \u010disto\u0107i i tirkiznoj boji, zbog \u010dega je \u010desto nazivaju \u201esrpskim smaragdom\u201c. Njene obale okru\u017eene su netaknutom prirodom, \u0161to Rzav \u010dini omiljenim mestom za odmor, kupanje i pecanje. Osim \u0161to krasi pejza\u017e zapadne Srbije, Rzav ima i veliki zna\u010daj jer obezbe\u0111uje pija\u0107u vodu za vi\u0161e gradova u regionu.<\/span><\/p>\n<p>[\/et_pb_text][\/et_pb_column][et_pb_column type=&#8221;1_2&#8243; _builder_version=&#8221;4.27.4&#8243; _module_preset=&#8221;default&#8221; global_colors_info=&#8221;{}&#8221;][et_pb_image src=&#8221;http:\/\/obuka2025.mojaskola.org\/wp-content\/uploads\/sites\/187\/2025\/10\/Rzav.jpg&#8221; _builder_version=&#8221;4.27.4&#8243; _module_preset=&#8221;default&#8221; title_text=&#8221;Rzav&#8221; hover_enabled=&#8221;0&#8243; sticky_enabled=&#8221;0&#8243;][\/et_pb_image][\/et_pb_column][\/et_pb_row][et_pb_row column_structure=&#8221;1_3,1_3,1_3&#8243; _builder_version=&#8221;4.27.4&#8243; _module_preset=&#8221;default&#8221; hover_enabled=&#8221;0&#8243; global_colors_info=&#8221;{}&#8221; max_width=&#8221;876px&#8221; width=&#8221;66%&#8221; min_height=&#8221;784px&#8221; height=&#8221;784px&#8221; sticky_enabled=&#8221;0&#8243; custom_margin=&#8221;|auto||120px||&#8221; custom_padding=&#8221;|0px||||&#8221;][et_pb_column type=&#8221;1_3&#8243; _builder_version=&#8221;4.27.4&#8243; _module_preset=&#8221;default&#8221; global_colors_info=&#8221;{}&#8221;][et_pb_text _builder_version=&#8221;4.27.4&#8243; _module_preset=&#8221;default&#8221; hover_enabled=&#8221;0&#8243; global_colors_info=&#8221;{}&#8221; sticky_enabled=&#8221;0&#8243;]<\/p>\n<h3><span style=\"color: #000080;\">Reka Moravica, Arilje<\/span><\/h3>\n<p>[\/et_pb_text][et_pb_text _builder_version=&#8221;4.27.4&#8243; _module_preset=&#8221;default&#8221; hover_enabled=&#8221;0&#8243; sticky_enabled=&#8221;0&#8243; text_orientation=&#8221;justified&#8221; border_color_all=&#8221;#1A0052&#8243; box_shadow_style=&#8221;preset1&#8243;]<\/p>\n<p>Reka Moravica, koja prolazi kroz Arilje, spaja planinsku sve\u017einu i pitomu lepotu zapadnosrpskih predela. Njeni brzaci i mirni tokovi stvaraju slikovite prizore koji privla\u010de ljubitelje prirode, ribolova i fotografije. Moravica je neizostavni deo identiteta Arilja, jer je vekovima oblikovala \u017eivot i tradiciju ovog kraja.<\/p>\n<p>[\/et_pb_text][\/et_pb_column][et_pb_column type=&#8221;1_3&#8243; _builder_version=&#8221;4.27.4&#8243; _module_preset=&#8221;default&#8221; global_colors_info=&#8221;{}&#8221;][\/et_pb_column][et_pb_column _builder_version=&#8221;4.27.4&#8243; _module_preset=&#8221;default&#8221; type=&#8221;1_3&#8243;][et_pb_image src=&#8221;http:\/\/obuka2025.mojaskola.org\/wp-content\/uploads\/sites\/187\/2025\/10\/Moravica-Arilje.jpg&#8221; _builder_version=&#8221;4.27.4&#8243; _module_preset=&#8221;default&#8221; title_text=&#8221;Moravica, Arilje&#8221; hover_enabled=&#8221;0&#8243; sticky_enabled=&#8221;0&#8243; max_width=&#8221;100%&#8221; width=&#8221;100%&#8221; height=&#8221;690px&#8221; min_height=&#8221;690px&#8221; custom_margin=&#8221;|35px||||&#8221;][\/et_pb_image][\/et_pb_column][\/et_pb_row][et_pb_row _builder_version=&#8221;4.27.4&#8243; _module_preset=&#8221;default&#8221; global_colors_info=&#8221;{}&#8221; min_height=&#8221;185px&#8221;][et_pb_column type=&#8221;4_4&#8243; _builder_version=&#8221;4.27.4&#8243; _module_preset=&#8221;default&#8221; global_colors_info=&#8221;{}&#8221;][et_pb_gallery gallery_ids=&#8221;283796,283797,283798,283799&#8243; _builder_version=&#8221;4.27.4&#8243; _module_preset=&#8221;default&#8221; hover_enabled=&#8221;0&#8243; global_colors_info=&#8221;{}&#8221; custom_margin=&#8221;42px|||||&#8221; sticky_enabled=&#8221;0&#8243; show_title_and_caption=&#8221;off&#8221; background_color=&#8221;#88C4DD&#8221;][\/et_pb_gallery][\/et_pb_column][\/et_pb_row][\/et_pb_section][et_pb_section fb_built=&#8221;1&#8243; _builder_version=&#8221;4.27.4&#8243; _module_preset=&#8221;default&#8221; hover_enabled=&#8221;0&#8243; global_colors_info=&#8221;{}&#8221; sticky_enabled=&#8221;0&#8243;][\/et_pb_section]<\/p>\n","protected":false},"excerpt":{"rendered":"<p>Reke SrbijeReka Rzav, AriljeReka Rzav, koja proti\u010de kroz Arilje, poznata je po svojoj izuzetnoj \u010disto\u0107i i tirkiznoj boji, zbog \u010dega je \u010desto nazivaju \u201esrpskim smaragdom\u201c. Njene obale okru\u017eene su netaknutom prirodom, \u0161to Rzav \u010dini omiljenim mestom za odmor, kupanje i pecanje. Osim \u0161to krasi pejza\u017e zapadne Srbije, Rzav ima i veliki zna\u010daj jer obezbe\u0111uje pija\u0107u [&hellip;]<\/p>\n","protected":false},"author":630,"featured_media":0,"parent":0,"menu_order":0,"comment_status":"closed","ping_status":"closed","template":"","meta":{"_et_pb_use_builder":"on","_et_pb_old_content":"","_et_gb_content_width":"","footnotes":""},"class_list":["post-283785","page","type-page","status-publish","hentry"],"_links":{"self":[{"href":"https:\/\/obuka2025.mojaskola.org\/index.php?rest_route=\/wp\/v2\/pages\/283785","targetHints":{"allow":["GET"]}}],"collection":[{"href":"https:\/\/obuka2025.mojaskola.org\/index.php?rest_route=\/wp\/v2\/pages"}],"about":[{"href":"https:\/\/obuka2025.mojaskola.org\/index.php?rest_route=\/wp\/v2\/types\/page"}],"author":[{"embeddable":true,"href":"https:\/\/obuka2025.mojaskola.org\/index.php?rest_route=\/wp\/v2\/users\/630"}],"replies":[{"embeddable":true,"href":"https:\/\/obuka2025.mojaskola.org\/index.php?rest_route=%2Fwp%2Fv2%2Fcomments&post=283785"}],"version-history":[{"count":3,"href":"https:\/\/obuka2025.mojaskola.org\/index.php?rest_route=\/wp\/v2\/pages\/283785\/revisions"}],"predecessor-version":[{"id":283807,"href":"https:\/\/obuka2025.mojaskola.org\/index.php?rest_route=\/wp\/v2\/pages\/283785\/revisions\/283807"}],"wp:attachment":[{"href":"https:\/\/obuka2025.mojaskola.org\/index.php?rest_route=%2Fwp%2Fv2%2Fmedia&parent=283785"}],"curies":[{"name":"wp","href":"https:\/\/api.w.org\/{rel}","templated":true}]}}